{"id":29,"date":"2023-08-30T01:06:30","date_gmt":"2023-08-30T01:06:30","guid":{"rendered":"https:\/\/detallitosnasca.com\/?post_type=product&#038;p=29"},"modified":"2025-03-26T06:54:05","modified_gmt":"2025-03-26T06:54:05","slug":"box-oso-valentino","status":"publish","type":"product","link":"https:\/\/detallitosnasca.com\/index.php\/product\/box-oso-valentino\/","title":{"rendered":"Box Oso Valentino"},"content":{"rendered":"<p>Este regalo llegar\u00e1 a manos de quien quieras sorprender en una bolsa de regalo de finos acabados y cerrada con sellos de seguridad. Ser\u00e1 un regalo especial que nunca olvidar\u00e1.<br \/>\nLa perfecci\u00f3n est\u00e1 en los detalles. Cada caja utilizada en Sorprende Lima es producida exclusivamente en nuestro taller por artesanos peruanos.<br \/>\nEl presente no incluir\u00e1 informaci\u00f3n de precios y llegar\u00e1 de forma an\u00f3nima. El sorprendido \u00fanicamente recibir\u00e1 una tarjeta dedicatoria con el mensaje que desees colocar, en caso desees que tu nombre se incluya deber\u00e1s colocarlo como firma en el mensaje para la tarjeta dedicatoria.<\/p>\n","protected":false},"excerpt":{"rendered":"<p>Este regalo llegar\u00e1 a manos de quien quieras sorprender en una bolsa de regalo de finos acabados y cerrada con sellos de seguridad. Ser\u00e1 un regalo especial que nunca olvidar\u00e1. La perfecci\u00f3n est\u00e1 en los detalles. Cada caja utilizada en Sorprende Lima es producida exclusivamente en nuestro taller por artesanos peruanos. El presente no incluir\u00e1 [&hellip;]<\/p>\n","protected":false},"featured_media":68,"comment_status":"open","ping_status":"closed","template":"elementor_header_footer","meta":[],"product_cat":[23],"product_tag":[],"class_list":["post-29","product","type-product","status-publish","has-post-thumbnail","hentry","product_cat-san-valentin"],"_links":{"self":[{"href":"https:\/\/detallitosnasca.com\/index.php\/wp-json\/wp\/v2\/product\/29","targetHints":{"allow":["GET"]}}],"collection":[{"href":"https:\/\/detallitosnasca.com\/index.php\/wp-json\/wp\/v2\/product"}],"about":[{"href":"https:\/\/detallitosnasca.com\/index.php\/wp-json\/wp\/v2\/types\/product"}],"replies":[{"embeddable":true,"href":"https:\/\/detallitosnasca.com\/index.php\/wp-json\/wp\/v2\/comments?post=29"}],"version-history":[{"count":3,"href":"https:\/\/detallitosnasca.com\/index.php\/wp-json\/wp\/v2\/product\/29\/revisions"}],"predecessor-version":[{"id":58,"href":"https:\/\/detallitosnasca.com\/index.php\/wp-json\/wp\/v2\/product\/29\/revisions\/58"}],"wp:featuredmedia":[{"embeddable":true,"href":"https:\/\/detallitosnasca.com\/index.php\/wp-json\/wp\/v2\/media\/68"}],"wp:attachment":[{"href":"https:\/\/detallitosnasca.com\/index.php\/wp-json\/wp\/v2\/media?parent=29"}],"wp:term":[{"taxonomy":"product_cat","embeddable":true,"href":"https:\/\/detallitosnasca.com\/index.php\/wp-json\/wp\/v2\/product_cat?post=29"},{"taxonomy":"product_tag","embeddable":true,"href":"https:\/\/detallitosnasca.com\/index.php\/wp-json\/wp\/v2\/product_tag?post=29"}],"curies":[{"name":"wp","href":"https:\/\/api.w.org\/{rel}","templated":true}]}}